{"id":45,"date":"2016-06-03T16:27:14","date_gmt":"2016-06-03T14:27:14","guid":{"rendered":"http:\/\/www.gkh-walldorf.de\/ro\/?page_id=45"},"modified":"2018-02-28T12:13:45","modified_gmt":"2018-02-28T11:13:45","slug":"disclaimer","status":"publish","type":"page","link":"https:\/\/www.gkh-walldorf.de\/ro\/disclaimer\/","title":{"rendered":"Termeni de utilizare"},"content":{"rendered":"<p><strong>1. Domeniu de aplicare<\/strong><br \/>\nOrice utilizare a acestei pagini web furnizate de GKH Medical SRL, este subiect al acestor Termeni de utilizare. Ace\u015fti Termeni de utilizare pot fi modifica\u0163i sau \u00eenlocui\u0163i de al\u0163i termeni \u015fi condi\u0163ii. Prin logare, sau dac\u0103 logarea nu este solicitat\u0103 prin accesarea sau utilizarea site-ului www.gkh-medical.ro, ace\u015fti Termeni de utilizare sunt accepta\u0163i \u00een versiunea lor valabil\u0103 \u00een acel moment. Prevederile acestor Termeni de utilizare vor fi considerate cerin\u0163e minime \u015fi se vor completa cu prevederile legisla\u0163iei \u00een vigoare. Site-ul www.gkh-medical.ro si toate informatiile continute sint proprietatea GKH Medical SRL si nu pot fi valorificate, copiate sau reproduse in nici un fel, pe nici un suport fara acordul prealabil scris al GKH Medical SRL. Site-ul www.gkh-medical.ro incluzind nelimitativ textele, imaginile, reprezentarile video sau audio continute de acesta, sunt protejate de prevederile legislatiei in vigoare privind drepturile de proprietate intelectuala. GKH Medical SRL nu va fi in nici o imprejurare raspunzator pentru vreo daun\u0103.<\/p>\n<p><strong>2. Servicii<\/strong><br \/>\n2.1 Acest site www.gkh-medical.ro con\u0163ine informa\u0163ii \u015fi software specific, precum \u015fi documenta\u0163iile respective, dac\u0103 este cazul, pentru a fi vizionate sau desc\u0103rcate.<br \/>\n2.2 GKH Medical SRL poate \u00eentrerupe oric\u00e2nd, par\u0163ial sau \u00een totalitate, func\u0163ionarea site-ului. Datorit\u0103 naturii sistemelor de internet \u015fi de calculator, GKH Medical SRL nu poate accepta nici o r\u0103spundere pentru disponibilitatea continu\u0103 a site-ului.<\/p>\n<p><strong>3. \u00cenregistrare<\/strong><br \/>\n3.1 La \u00eenregistrare, utilizatorul trebuie s\u0103 dea informa\u0163ii corecte, pe care s\u0103 le actualizeze pe m\u0103sur\u0103 ce acestea se modific\u0103 f\u0103r\u0103 \u00eent\u00e2rziere. Utilizatorul se va asigura ca adresa de e-mail furnizat\u0103 c\u0103tre GKH Medical SRL s\u0103 fie valabil\u0103 permanent \u015fi va furniza \u015fi o adres\u0103 la care s\u0103 poat\u0103 fi contactat.<br \/>\n3.2 In momentil \u00eenregistrarii utilizatorul va introduce un cod de autentificare CAPTCHA.<br \/>\n3.3 Utilizatorul se va asigura ca datele de utilizator s\u0103 nu fie accesibile ter\u0163ilor \u015fi r\u0103spunde pentru toate tranzac\u0163iile \u015fi alte activit\u0103\u0163i efectuate \u00een baza datelor sale de utilizator. La finalul fiec\u0103rei sesiuni online, utilizatorul se va deconecta de la zonele protejate de parole. Dac\u0103 utilizatorul afl\u0103 c\u0103 ter\u0163e persoane abuzeaz\u0103 de datele sale de utilizator, utilizatorul trebuie s\u0103 comunice imediat \u00een scris c\u0103tre GKH Medical SRL acest lucru, sau, dac\u0103 este cazul, prin e-mail.<\/p>\n<p><strong>4. Drepturi de utilizare a informa\u0163iilor, a software-ului \u015fi a documenta\u0163iilor<\/strong><br \/>\n4.1 Utilizarea oric\u0103ror informa\u0163ii, software \u015fi documenta\u0163ii puse la dispozi\u0163ie pe sau prin acest site este subiectul acestor Termeni de utilizare sau, \u00een cazul actualiz\u0103rii informa\u0163iilor, software-ului sau documenta\u0163iilor, subiect al condi\u0163iilor de licen\u0163\u0103 aplicabile, stabilite \u00een prealabil cu GKH Medical SRL. Condi\u0163iile de licen\u0163\u0103 stabilite separat vor prevala asupra acestor Termeni de utilizare.<br \/>\n4.2 GKH Medical SRL acord\u0103 utilizatorului posibilitatea neexclusiv\u0103 \u015fi netransferabil\u0103, ce nu poate fi sublicen\u0163iat\u0103, de a utiliza informa\u0163iile, software-ul \u015fi documenta\u0163iile puse la dispozi\u0163ia utilizatorului pe sau prin site-ul www.gkh-medical.ro, \u00een cuantumul stabilit, sau \u00een cazul \u00een care nu exist\u0103 un astfel de acord, \u00een cuantumul stabilit de GKH Medical SRL.<br \/>\n4.3 Informa\u0163iile, software-ul \u015fi documenta\u0163iile nu pot fi distribuite niciodat\u0103 de c\u0103tre utilizator vreunei ter\u0163e p\u0103r\u0163i \u015fi nici nu pot fi \u00eenchiriate sau f\u0103cute accesibile \u00een vreun alt mod.<br \/>\n4.4 Informa\u0163iile, software-ul \u015fi documenta\u0163iile sunt protejate prin legile drepturilor de autor precum \u015fi prin tratate interna\u0163ionale, prin alte legi \u015fi conven\u0163ii referitoare la proprietatea intelectual\u0103.<\/p>\n<p><strong>5. Proprietate intelectual\u0103<\/strong><br \/>\n5.1 \u00cen ciuda prevederilor particulare de la \u00a7 4 al acestor Termeni de utilizare, informa\u0163iile, numele de m\u0103rci \u015fi alte specifica\u0163ii de pe site nu pot fi modificate, copiate, reproduse, v\u00e2ndute, \u00eenchiriate, utilizate, suplimentate sau utilizate \u00een vreun alt fel, f\u0103r permisiunea scris\u0103 prealabil\u0103 din partea GKH Medical SRL.<br \/>\n5.2 Except\u00e2nd drepturile de utilizare \u015fi alte drepturi acordate \u00een mod expres aici, utilizatorului nu \u00eei sunt acordate alte drepturi, \u015fi nici nu va exista vreo alt\u0103 obliga\u0163ie referitoare la acordarea de alte drepturi. Oricare \u015fi toate drepturile de patent precum \u015fi licen\u0163ele sunt excluse \u00een mod expres.<\/p>\n<p><strong>6. Datoriile utilizatorului<\/strong><br \/>\n6.1 La accesarea sau utilizarea site-ului www.gkh-medical.ro, utilizatorul\u00b7 nu va aduce prejudicii altor persoane, \u00een special minorilor, \u015fi nici drepturilor personal ale acestora; nu va prejudicia moralitatea public\u0103 prin modul de utilizare;\u00b7 nu va \u00eenc\u0103lca vreun drept de proprietate intelectual\u0103 sau vreun alt drept de proprietate; nu va \u00eenc\u0103rca texte ce con\u0163in viru\u015fi, a\u015fa numitul Cal Troian, sau vreun alt program care ar putea afecta datele; nu va transmite, stoca sau \u00eenc\u0103rca hyperlinkuri sau texte la care utilizatorul nu are dreptul, \u00een special \u00een cazurile \u00een care aceste hyperlinkuri sua texte contravin obliga\u0163iilor de confiden\u0163ialitate sau sunt ilegale; sau\u00b7 nu va distribui e-mail-uri publicitare sau nesolicitate (a\u015fa-numitele &#8222;spam&#8220;-uri) sau false avertismente de viru\u015fi, de erorisau alte materiale similare, \u015fi nu va solicita participarea la vreo loterie, sistem snowball, lan\u0163uri de scrisori, jocuri tip piramid\u0103 sau alte activit\u0103\u0163i similare.<br \/>\n6.2 GKH Medical SRL poate anula oric\u00e2nd accesul la site, \u00een special \u00een cazul \u00een care utilizatorul \u00eencalc\u0103 vreo obliga\u0163ie din Termenii de utilizare.<\/p>\n<p><strong>7. Hyperlink-uri<\/strong><br \/>\nSite-ul www.gkh-medical.ro poate con\u0163ine hyperlinkuri la paginile web ale ter\u0163ilor. GKH Medical SRL nu poart\u0103 r\u0103spunderea pentru con\u0163inutul paginilor respective \u015fi nu face reprezent\u0103ri \u015fi nu va sus\u0163ine aceste pagini web sau con\u0163inuturile acestora precum face cu ale sale, deoarece GKH Medical SRL nu controleaz\u0103 informa\u0163iile de pe aceste pagini \u015fi nici nu r\u0103spunde pentru con\u0163inutul \u015fi informa\u0163iile de pe aceste pagini. Riscurile pentru utilizarea acestor pagini web vor fi transferate c\u0103tre utilizator.<\/p>\n<p><strong>8. Alte responsabilit\u0103\u0163i, viru\u015fi<\/strong><br \/>\nDe\u015fi GKH Medical SRL depune orice efort pentru a proteja site-ul GKH Medical SRL de viru\u015fi, GKH Medical SRL nu poate garanta c\u0103 acesta nu con\u0163ine viru\u015fi. Pentru protec\u0163ia sa, utilizatorul va lua m\u0103surile necesare pentru a asigura securitatea adecvat\u0103 \u015fi va utiliza un scanner de viru\u015fi \u00eenainte de a desc\u0103rca orice informa\u0163ii, software sau documenta\u0163ii.<\/p>\n<p><strong>9. Protec\u0163ia securit\u0103\u0163ii datelor<\/strong><br \/>\nPentru colectarea, utilizarea \u015fi procesarea datelor identificabile personal, ale utilizatorului site-ului GKH Medical SRL, GKH Medical SRL va respecta legile aplicabile referitoare la protec\u0163ia securit\u0103\u0163ii datelor \u015fi Politica de securitate a datelor de pe site-ul www.gkh-medical.ro, care este disponibil\u0103 ca hyperlink pe site-ul www.gkh-medical.ro.<\/p>\n<p><strong>10. Clauze suplimentare, instan\u0163a competent\u0103, legea aplicabil\u0103<\/strong><br \/>\n10.1 Orice clauz\u0103 suplimentar\u0103 trebuie efectuat\u0103 \u00een scris.<br \/>\n10.2 Instan\u0163a competent\u0103 va fi cea de la sediul SC GKH Medical SRL.<br \/>\n10.3 Paginile individuale ale site-ului www.gkh-medical.ro sunt operate \u015fi administrate de GKH Medical SRL . Paginile respect\u0103 legea aplicabil\u0103 din \u0163ara unde compania responsabil\u0103 \u00ee\u015fi are re\u015fedin\u0163a comercial\u0103. GKH Medical SRL nu garanteaz\u0103 c\u0103 aceste informa\u0163ii, software \u015fi\/sau documenta\u0163ii de pe site-ul www.gkh-medical.ro sunt decvate sau disponibile pentru a fi vizionate sau desc\u0103rcate \u00een loca\u0163ii din afara \u0163\u0103rii. Dac\u0103 utilizatorii acceseaz\u0103 site-ul www.gkh-medical.ro din afara \u0163\u0103rii respective, ei sunt exclusiv responsabili pentru respectarea tuturor legilor locale aplicabile. Este interzis accesul la informa\u0163iile, software-ul \u015fi\/sau documenta\u0163iile de pe site-ul www.gkh-medical.ro din \u0163\u0103rile \u00een care acest con\u0163inut este ilegal. \u00cen acest caz \u015fi \u00een cazul \u00een care utilizatorul dore\u015fte s\u0103 fac\u0103 afaceri cu GKH Medical SRL, utilizatorul trebuie s\u0103 contacteze reprezentantul GKH Medical SRL.<br \/>\n10.4 Ace\u015fti Termeni de utilizare vor fi guverna\u0163i de \u2013 \u015fi toate litigiile referitoare sau care au leg\u0103tur\u0103 cu ace\u015fti Termeni de utilizare vor fi solu\u0163ionate \u00een conformitate cu prevederile legisla\u0163iei Rom\u00e2niei.<\/p>\n","protected":false},"excerpt":{"rendered":"<p>1. Domeniu de aplicare Orice utilizare a acestei pagini web furnizate de GKH Medical SRL, este subiect al acestor Termeni de utilizare. Ace\u015fti Termeni de utilizare pot fi modifica\u0163i sau \u00eenlocui\u0163i de al\u0163i termeni \u015fi condi\u0163ii. Prin logare, sau dac\u0103 logarea nu este solicitat\u0103 prin accesarea sau utilizarea site-ului www.gkh-medical.ro, ace\u015fti Termeni de utilizare sunt [&hellip;]<\/p>\n","protected":false},"author":1,"featured_media":0,"parent":0,"menu_order":0,"comment_status":"closed","ping_status":"closed","template":"","meta":{"footnotes":""},"_links":{"self":[{"href":"https:\/\/www.gkh-walldorf.de\/ro\/wp-json\/wp\/v2\/pages\/45"}],"collection":[{"href":"https:\/\/www.gkh-walldorf.de\/ro\/wp-json\/wp\/v2\/pages"}],"about":[{"href":"https:\/\/www.gkh-walldorf.de\/ro\/wp-json\/wp\/v2\/types\/page"}],"author":[{"embeddable":true,"href":"https:\/\/www.gkh-walldorf.de\/ro\/wp-json\/wp\/v2\/users\/1"}],"replies":[{"embeddable":true,"href":"https:\/\/www.gkh-walldorf.de\/ro\/wp-json\/wp\/v2\/comments?post=45"}],"version-history":[{"count":10,"href":"https:\/\/www.gkh-walldorf.de\/ro\/wp-json\/wp\/v2\/pages\/45\/revisions"}],"predecessor-version":[{"id":148,"href":"https:\/\/www.gkh-walldorf.de\/ro\/wp-json\/wp\/v2\/pages\/45\/revisions\/148"}],"wp:attachment":[{"href":"https:\/\/www.gkh-walldorf.de\/ro\/wp-json\/wp\/v2\/media?parent=45"}],"curies":[{"name":"wp","href":"https:\/\/api.w.org\/{rel}","templated":true}]}}