{"id":35,"date":"2016-06-03T16:21:48","date_gmt":"2016-06-03T14:21:48","guid":{"rendered":"http:\/\/www.gkh-walldorf.de\/ro\/?page_id=35"},"modified":"2018-02-28T12:49:18","modified_gmt":"2018-02-28T11:49:18","slug":"dezinfectare","status":"publish","type":"page","link":"https:\/\/www.gkh-walldorf.de\/ro\/dezinfectare\/","title":{"rendered":"Dezinfectare"},"content":{"rendered":"<h3>Dezinfectare validat\u0103 aerosoli cu peroxid de hidrogen:<\/h3>\n<hr \/>\n<ul style=\"list-style-type: circle;\">\n<li>Mese de lucru de siguran\u021b\u0103 microbiologice<\/li>\n<li>Ventila\u021bii\/Hote laborator<\/li>\n<li>Incubatoare<\/li>\n<li>Instala\u021bii \u0219i canale de ventilare \u0219i climatizare<\/li>\n<li>\u00cenc\u0103peri \u0219i camere aseptice (f\u0103r\u0103 germeni)<\/li>\n<li>Diverse obiecte \u00een carcas\u0103 etan\u0219\u0103 la gaze<\/li>\n<\/ul>\n<h4>Validare cur\u0103\u021benie<\/h4>\n<p>Elaborarea unor proceduri adecvate de cur\u0103\u021bare \u0219i agen\u021bi de cur\u0103\u021bare, precum \u0219i metodele lor de testare, valorile limit\u0103 \u0219i protocoalele pentru zona de validat \u0219i echipamentul existent \u00een aceasta.<\/p>\n<p>&nbsp;<\/p>\n","protected":false},"excerpt":{"rendered":"<p>Dezinfectare validat\u0103 aerosoli cu peroxid de hidrogen: Mese de lucru de siguran\u021b\u0103 microbiologice Ventila\u021bii\/Hote laborator Incubatoare Instala\u021bii \u0219i canale de ventilare \u0219i climatizare \u00cenc\u0103peri \u0219i camere aseptice (f\u0103r\u0103 germeni) Diverse obiecte \u00een carcas\u0103 etan\u0219\u0103 la gaze Validare cur\u0103\u021benie Elaborarea unor proceduri adecvate de cur\u0103\u021bare \u0219i agen\u021bi de cur\u0103\u021bare, precum \u0219i metodele lor de testare, valorile [&hellip;]<\/p>\n","protected":false},"author":1,"featured_media":0,"parent":0,"menu_order":0,"comment_status":"closed","ping_status":"closed","template":"","meta":{"footnotes":""},"_links":{"self":[{"href":"https:\/\/www.gkh-walldorf.de\/ro\/wp-json\/wp\/v2\/pages\/35"}],"collection":[{"href":"https:\/\/www.gkh-walldorf.de\/ro\/wp-json\/wp\/v2\/pages"}],"about":[{"href":"https:\/\/www.gkh-walldorf.de\/ro\/wp-json\/wp\/v2\/types\/page"}],"author":[{"embeddable":true,"href":"https:\/\/www.gkh-walldorf.de\/ro\/wp-json\/wp\/v2\/users\/1"}],"replies":[{"embeddable":true,"href":"https:\/\/www.gkh-walldorf.de\/ro\/wp-json\/wp\/v2\/comments?post=35"}],"version-history":[{"count":5,"href":"https:\/\/www.gkh-walldorf.de\/ro\/wp-json\/wp\/v2\/pages\/35\/revisions"}],"predecessor-version":[{"id":55,"href":"https:\/\/www.gkh-walldorf.de\/ro\/wp-json\/wp\/v2\/pages\/35\/revisions\/55"}],"wp:attachment":[{"href":"https:\/\/www.gkh-walldorf.de\/ro\/wp-json\/wp\/v2\/media?parent=35"}],"curies":[{"name":"wp","href":"https:\/\/api.w.org\/{rel}","templated":true}]}}