{"id":33,"date":"2016-06-03T16:21:36","date_gmt":"2016-06-03T14:21:36","guid":{"rendered":"http:\/\/www.gkh-walldorf.de\/ro\/?page_id=33"},"modified":"2018-02-28T12:43:34","modified_gmt":"2018-02-28T11:43:34","slug":"angajati","status":"publish","type":"page","link":"https:\/\/www.gkh-walldorf.de\/ro\/angajati\/","title":{"rendered":"Angaja\u021bi"},"content":{"rendered":"<h3>Calificarea tehnicienilor no\u0219tri de service<\/h3>\n<hr \/>\n<p>Angaja\u021bii no\u0219tri sunt instrui\u021bi cu privire la regulile tehnice ale TRGS, TRBA , precum \u0219i ale Directivei privind substan\u021bele periculoase \u0219i substan\u021bele biologice \u0219i a Legii tehnologiei genetice.<\/p>\n<p>Toate lucr\u0103rile de \u00eentre\u021binere, verificare \u0219i service referitoare la echipamente sunt executate de c\u0103tre personal instruit, calificat \u00een sensul TRBS 1203, VDI 4068, DIN 31051 (v\u0103 transmitem la cerere certificatele pentru angaja\u021bii no\u0219tri).<\/p>\n<p>Acord\u0103m \u00eentotdeauna aten\u021bie ca personalul nostru s\u0103 aib\u0103 calific\u0103rile necesare:<\/p>\n<ul style=\"list-style-type: circle;\">\n<li>TRBS 1203<\/li>\n<li>VDI 4068<\/li>\n<li>DIN 31051<\/li>\n<\/ul>\n<p>&nbsp;<\/p>\n","protected":false},"excerpt":{"rendered":"<p>Calificarea tehnicienilor no\u0219tri de service Angaja\u021bii no\u0219tri sunt instrui\u021bi cu privire la regulile tehnice ale TRGS, TRBA , precum \u0219i ale Directivei privind substan\u021bele periculoase \u0219i substan\u021bele biologice \u0219i a Legii tehnologiei genetice. Toate lucr\u0103rile de \u00eentre\u021binere, verificare \u0219i service referitoare la echipamente sunt executate de c\u0103tre personal instruit, calificat \u00een sensul TRBS 1203, VDI [&hellip;]<\/p>\n","protected":false},"author":1,"featured_media":0,"parent":0,"menu_order":0,"comment_status":"closed","ping_status":"closed","template":"","meta":{"footnotes":""},"_links":{"self":[{"href":"https:\/\/www.gkh-walldorf.de\/ro\/wp-json\/wp\/v2\/pages\/33"}],"collection":[{"href":"https:\/\/www.gkh-walldorf.de\/ro\/wp-json\/wp\/v2\/pages"}],"about":[{"href":"https:\/\/www.gkh-walldorf.de\/ro\/wp-json\/wp\/v2\/types\/page"}],"author":[{"embeddable":true,"href":"https:\/\/www.gkh-walldorf.de\/ro\/wp-json\/wp\/v2\/users\/1"}],"replies":[{"embeddable":true,"href":"https:\/\/www.gkh-walldorf.de\/ro\/wp-json\/wp\/v2\/comments?post=33"}],"version-history":[{"count":3,"href":"https:\/\/www.gkh-walldorf.de\/ro\/wp-json\/wp\/v2\/pages\/33\/revisions"}],"predecessor-version":[{"id":67,"href":"https:\/\/www.gkh-walldorf.de\/ro\/wp-json\/wp\/v2\/pages\/33\/revisions\/67"}],"wp:attachment":[{"href":"https:\/\/www.gkh-walldorf.de\/ro\/wp-json\/wp\/v2\/media?parent=33"}],"curies":[{"name":"wp","href":"https:\/\/api.w.org\/{rel}","templated":true}]}}