{"id":28,"date":"2016-06-03T16:20:25","date_gmt":"2016-06-03T14:20:25","guid":{"rendered":"http:\/\/www.gkh-walldorf.de\/ro\/?page_id=28"},"modified":"2018-03-02T13:03:37","modified_gmt":"2018-03-02T12:03:37","slug":"echipamente","status":"publish","type":"page","link":"https:\/\/www.gkh-walldorf.de\/ro\/echipamente\/","title":{"rendered":"Echipamente"},"content":{"rendered":"<h3>\u00centre\u021binere\/Service pentru echipamente<\/h3>\n<hr \/>\n<h4>Verificarea meselor de lucru de siguran\u021b\u0103 microbiologice conform:<\/h4>\n<ul style=\"list-style-type: circle;\">\n<li>DIN 12469 resp. DIN 12950 Partea 10<\/li>\n<li>Test Disc-Ki conform DIN EN 12469 Partea C<\/li>\n<\/ul>\n<h4>Verificarea meselor de lucru citostatice conform:<\/h4>\n<ul style=\"list-style-type: circle;\">\n<li>DIN 12469<\/li>\n<li>Test Disc-Ki conform DIN 12980<\/li>\n<\/ul>\n<h4>Verificarea izolatorilor conform:<\/h4>\n<ul style=\"list-style-type: circle;\">\n<li>DIN 12980<\/li>\n<li>DIN EN ISO 14644-3<\/li>\n<\/ul>\n<h4>Verificarea \u0219i \u00eentre\u021binerea ventila\u021biilor\/ hotelor de laborator conform:<\/h4>\n<ul style=\"list-style-type: circle;\">\n<li>DIN 12924 Partea 1 Dot\u0103ri laborator; Ventila\u021bii\/hote<\/li>\n<li>Directiva privind siguran\u021ba de func\u021bionare (BetrSichV)<\/li>\n<li>TRGS 526 Laboratoare, Sec\u021biunea 7.3<\/li>\n<li>BGR 120 Laboratoare, Sec\u021biunea 7.3<\/li>\n<li>BGI\/GUV I 850-0 Lucrul \u00een siguran\u021b\u0103 \u00een laboratoare &#8211; Principii de baz\u0103 \u0219i instruc\u021biuni ajut\u0103toare, Sec\u021biunea 6.3 \u0219i 7.3<\/li>\n<li>BGI 850-2, T032 Ventila\u021bii de laborator: Tip de construc\u021bie \u0219i func\u021bionarea \u00een siguran\u021b\u0103<\/li>\n<li>DIN EN 14175 1-6 Ventila\u021bii\/Hote<\/li>\n<\/ul>\n<h4>Verificarea \u0219i \u00eentre\u021binerea dulapurilor de siguran\u021b\u0103 conform:<\/h4>\n<ul style=\"list-style-type: circle;\">\n<li>DIN EN 14470 Partea 1 \u0219i 2<\/li>\n<li>Directiva privind locul de munc\u0103 (ArbSt\u00e4ttV) \u00a74 Abs. 3<\/li>\n<li>Reguli tehnice TRbF 20 &#8211; Depozite<\/li>\n<li>TRGS 510,526 (4.9), 800 (3.3)<\/li>\n<li>Directiva privind substan\u021bele periculoase (GefStoffV)<\/li>\n<li>Directiva privind siguran\u021ba de func\u021bionare (BetrSichV) \u00a73, \u00a710, \u00a711 din BetrSichV<\/li>\n<\/ul>\n<p>&nbsp;<\/p>\n<h3>Verificare\/\u00centre\u021binere\/Service pentru instala\u021bii de ventilare \u0219i climatizare<\/h3>\n<hr \/>\n<h4>Vizionare\/Planificare\/Execu\u021bie\/Evaluare<\/h4>\n<ul style=\"list-style-type: circle;\">\n<li>Inspec\u021bie de igien\u0103 conform VDI 6022<\/li>\n<li>Cur\u0103\u021barea \u0219i dezinfectarea componentelor instala\u021biei<\/li>\n<li>Schimbarea filtrelor instala\u021biei<\/li>\n<li>Verificarea \u0219i \u00eentre\u021binerea clapelor de protec\u021bie \u00eempotriva incendiilor<\/li>\n<\/ul>\n<p>Verificarea la recep\u021bie (IBN) precum \u0219i \u00eentre\u021binerea curent\u0103 a instala\u021biilor de ventilare \u0219i climatizare se execut\u0103 \u00een colaborare cu exper\u021bi autoriza\u021bi.<\/p>\n","protected":false},"excerpt":{"rendered":"<p>\u00centre\u021binere\/Service pentru echipamente Verificarea meselor de lucru de siguran\u021b\u0103 microbiologice conform: DIN 12469 resp. DIN 12950 Partea 10 Test Disc-Ki conform DIN EN 12469 Partea C Verificarea meselor de lucru citostatice conform: DIN 12469 Test Disc-Ki conform DIN 12980 Verificarea izolatorilor conform: DIN 12980 DIN EN ISO 14644-3 Verificarea \u0219i \u00eentre\u021binerea ventila\u021biilor\/ hotelor de laborator [&hellip;]<\/p>\n","protected":false},"author":1,"featured_media":0,"parent":0,"menu_order":0,"comment_status":"closed","ping_status":"closed","template":"","meta":{"footnotes":""},"_links":{"self":[{"href":"https:\/\/www.gkh-walldorf.de\/ro\/wp-json\/wp\/v2\/pages\/28"}],"collection":[{"href":"https:\/\/www.gkh-walldorf.de\/ro\/wp-json\/wp\/v2\/pages"}],"about":[{"href":"https:\/\/www.gkh-walldorf.de\/ro\/wp-json\/wp\/v2\/types\/page"}],"author":[{"embeddable":true,"href":"https:\/\/www.gkh-walldorf.de\/ro\/wp-json\/wp\/v2\/users\/1"}],"replies":[{"embeddable":true,"href":"https:\/\/www.gkh-walldorf.de\/ro\/wp-json\/wp\/v2\/comments?post=28"}],"version-history":[{"count":10,"href":"https:\/\/www.gkh-walldorf.de\/ro\/wp-json\/wp\/v2\/pages\/28\/revisions"}],"predecessor-version":[{"id":65,"href":"https:\/\/www.gkh-walldorf.de\/ro\/wp-json\/wp\/v2\/pages\/28\/revisions\/65"}],"wp:attachment":[{"href":"https:\/\/www.gkh-walldorf.de\/ro\/wp-json\/wp\/v2\/media?parent=28"}],"curies":[{"name":"wp","href":"https:\/\/api.w.org\/{rel}","templated":true}]}}