{"id":14,"date":"2016-06-03T15:10:18","date_gmt":"2016-06-03T13:10:18","guid":{"rendered":"http:\/\/www.gkh-walldorf.de\/ro\/?page_id=14"},"modified":"2018-02-28T12:51:09","modified_gmt":"2018-02-28T11:51:09","slug":"sectorul-clinic","status":"publish","type":"page","link":"https:\/\/www.gkh-walldorf.de\/ro\/sectorul-clinic\/","title":{"rendered":"Sectorul clinic"},"content":{"rendered":"<h3>Verificarea igieno-tehnic\u0103 a s\u0103lilor de opera\u021bii<\/h3>\n<hr \/>\n<p>\u21d2\u00a0<strong>incl. camerele aseptice aferente, s\u0103li de interven\u021bie \u0219i reanimare (camere de izolare) ect.<\/strong><br \/>\nDIN 1946 Partea 4 (la instala\u021bii mai vechi conform 1999, la instala\u021bii mai noi conform 2008)<\/p>\n<h4>M\u0103sur\u0103tori de tehnica aerului (verificare tehnic\u0103 \u0219i fizic\u0103)<\/h4>\n<ul style=\"list-style-type: circle;\">\n<li>Stabilirea temperaturii \u0219i umidit\u0103\u021bii aerului din \u00eenc\u0103peri<\/li>\n<li>Stabilirea vitezei aerului \/ a debitului volumetric al aerului pentru calcularea ratei de schimb a aerului<\/li>\n<li>Presiuni diferen\u021biale la filtrele terminale de aerosoli pentru stabilirea gradului de\u00a0poluare pentru urm\u0103toarele m\u0103sur\u0103tori<\/li>\n<li>Verificarea nivelului presiunii (stabilirea direc\u021biei de curgere cu ajutorul probei cu fum)<\/li>\n<li>M\u0103surarea nivelului de zgomot<\/li>\n<li>Vizualizarea direc\u021biei de curgere<\/li>\n<\/ul>\n<h4>Verificarea particular\u0103 \u0219i microbiologic\u0103<\/h4>\n<ul style=\"list-style-type: circle;\">\n<li>Test de integritate a filtrelor conform DIN EN ISO 14644 Partea 3 sau test de scanare a filtrelor conform 1946-4 (la instala\u021bii mai vechi, atunci c\u00e2nd nu este posibil testul de integritate a filtrelor)<\/li>\n<li>M\u0103surarea timpului de recuperare\/Test Recovery conform DIN EN ISO 14644-3<\/li>\n<li>La instala\u021bii mai vechi (p\u00e2n\u0103 \u00een 2008) filtrele terminale de aerosoli sunt supuse unei verific\u0103ri microbiologice sub forma unei e\u0219antion\u0103ri a aerului<\/li>\n<\/ul>\n<p>\u00cen raportul de verificare primi\u021bi o list\u0103 detaliat\u0103 a tuturor valorilor m\u0103surate \u0219i evaluarea acestora conform prevederilor \u0219i reglement\u0103rilor legale.<\/p>\n","protected":false},"excerpt":{"rendered":"<p>Verificarea igieno-tehnic\u0103 a s\u0103lilor de opera\u021bii \u21d2\u00a0incl. camerele aseptice aferente, s\u0103li de interven\u021bie \u0219i reanimare (camere de izolare) ect. DIN 1946 Partea 4 (la instala\u021bii mai vechi conform 1999, la instala\u021bii mai noi conform 2008) M\u0103sur\u0103tori de tehnica aerului (verificare tehnic\u0103 \u0219i fizic\u0103) Stabilirea temperaturii \u0219i umidit\u0103\u021bii aerului din \u00eenc\u0103peri Stabilirea vitezei aerului \/ a [&hellip;]<\/p>\n","protected":false},"author":1,"featured_media":0,"parent":0,"menu_order":0,"comment_status":"closed","ping_status":"closed","template":"","meta":{"footnotes":""},"_links":{"self":[{"href":"https:\/\/www.gkh-walldorf.de\/ro\/wp-json\/wp\/v2\/pages\/14"}],"collection":[{"href":"https:\/\/www.gkh-walldorf.de\/ro\/wp-json\/wp\/v2\/pages"}],"about":[{"href":"https:\/\/www.gkh-walldorf.de\/ro\/wp-json\/wp\/v2\/types\/page"}],"author":[{"embeddable":true,"href":"https:\/\/www.gkh-walldorf.de\/ro\/wp-json\/wp\/v2\/users\/1"}],"replies":[{"embeddable":true,"href":"https:\/\/www.gkh-walldorf.de\/ro\/wp-json\/wp\/v2\/comments?post=14"}],"version-history":[{"count":4,"href":"https:\/\/www.gkh-walldorf.de\/ro\/wp-json\/wp\/v2\/pages\/14\/revisions"}],"predecessor-version":[{"id":56,"href":"https:\/\/www.gkh-walldorf.de\/ro\/wp-json\/wp\/v2\/pages\/14\/revisions\/56"}],"wp:attachment":[{"href":"https:\/\/www.gkh-walldorf.de\/ro\/wp-json\/wp\/v2\/media?parent=14"}],"curies":[{"name":"wp","href":"https:\/\/api.w.org\/{rel}","templated":true}]}}