{"id":26,"date":"2016-01-06T19:58:14","date_gmt":"2016-01-06T18:58:14","guid":{"rendered":"http:\/\/www.gkh-walldorf.de\/en\/?page_id=26"},"modified":"2019-07-24T07:15:16","modified_gmt":"2019-07-24T05:15:16","slug":"reference","status":"publish","type":"page","link":"https:\/\/www.gkh-walldorf.de\/en\/reference\/","title":{"rendered":"References"},"content":{"rendered":"<h3>A selection of our clients<\/h3>\n<hr \/>\n<table style=\"width: 100%; text-align: top; font-size: 13px; line-height: 140%; border-collapse: separate; border-spacing: 30px 25px;\">\n<tbody valign=\"top\">\n<tr>\n<td><strong><a href=\"http:\/\/www.bionic-jms.de\" target=\"_blank\" rel=\"noopener noreferrer\">Bionic Medizintechnik GmbH<\/a><\/strong><br \/>\nFriedrichsdorf<\/td>\n<td><strong><a href=\"http:\/\/www.criver.com\" target=\"_blank\" rel=\"noopener noreferrer\">Charles River Laboratories Research, Models and Services Germany GmbH<\/a><\/strong><br \/>\nSulzfeld<\/td>\n<td><strong><a href=\"http:\/\/www.privatklinik-heilbronn.de\" target=\"_blank\" rel=\"noopener noreferrer\">Chirurgische Privatklinik, Dr. R. Gl\u00f6ckner, Dr. F. M\u00fctsch<\/a><\/strong><br \/>\nHeilbronn<\/td>\n<\/tr>\n<tr>\n<td><strong><a href=\"http:\/\/www.dhm.mhn.de\/de\/home.cfm\" target=\"_blank\" rel=\"noopener noreferrer\">Deutsches Herzzentrum M\u00fcnchen<\/a><\/strong><br \/>\nM\u00fcnchen<\/td>\n<td><strong><a href=\"https:\/\/www.dkfz.de\/de\/index.html\" target=\"_blank\" rel=\"noopener noreferrer\">DKFZ Deutsches Krebsforschungszentrum <\/a><\/strong><br \/>\nHeidelberg<\/td>\n<td><strong><a href=\"https:\/\/www.dm.de\" target=\"_blank\" rel=\"noopener noreferrer\">dm-drogerie-Markt<\/a><\/strong><br \/>\nWagh\u00e4usl<\/td>\n<\/tr>\n<tr>\n<td><strong><a href=\"http:\/\/www.sanego.de\/Arzt\/Baden-W\u00fcrttemberg\/796-Leimen\/Allgemeine+Chirurgie\/109916-Dr-med-Peter-Herion\/\" target=\"_blank\" rel=\"noopener noreferrer\">Dr. med. Peter Herion<\/a><\/strong><br \/>\nLeimen<\/td>\n<td><strong><a href=\"http:\/\/www.ezag.com\/de\/startseite.html\" target=\"_blank\" rel=\"noopener noreferrer\">Eckert &amp; Ziegler, EURO-PET K\u00f6ln\/Bonn GmbH<\/a><\/strong><br \/>\nBonn<\/td>\n<td><strong><a href=\"http:\/\/www.embl.de\" target=\"_blank\" rel=\"noopener noreferrer\">European Molecular Biology Laboratory<\/a><\/strong><br \/>\nHeidelberg<\/td>\n<\/tr>\n<tr>\n<td><strong><a href=\"http:\/\/www.freudenberg-filter.com\/de\/home\/\" target=\"_blank\" rel=\"noopener noreferrer\">Freudenberg Filtration Technologies<\/a><\/strong><br \/>\nWeinheim<\/td>\n<td><strong><a href=\"http:\/\/www.grn.de\/grn\/\" target=\"_blank\" rel=\"noopener noreferrer\">GRN Gesundheitszentrum Rhein-Neckar-GmbH<\/a><\/strong><br \/>\nSchwetzingen<\/td>\n<td><strong><a href=\"https:\/\/www.helmholtz-muenchen.de\" target=\"_blank\" rel=\"noopener noreferrer\">Helmholtz-Zentrum M\u00fcnchen<\/a><\/strong><br \/>\nOberschlei\u00dfheim-Neuherrnberg<\/td>\n<\/tr>\n<tr>\n<td><strong><a href=\"http:\/\/www.hk-gmbh.net\" target=\"_blank\" rel=\"noopener noreferrer\">Hohenloher Krankenhaus GmbH<\/a><\/strong><br \/>\nK\u00fcnzelsau \/ \u00d6hringen<\/td>\n<td><\/td>\n<td><strong><a href=\"http:\/\/www.regiomed-kliniken.de\/startseite-klinikum-coburg.aspx\" target=\"_blank\" rel=\"noopener noreferrer\">Klinikum Coburg GmbH<\/a><\/strong><br \/>\nCoburg<\/td>\n<\/tr>\n<tr>\n<td><strong><a href=\"https:\/\/www.klinikum.uni-muenchen.de\/de\/\" target=\"_blank\" rel=\"noopener noreferrer\">Klinikum der Universit\u00e4t M\u00fcnchen<\/a><\/strong><br \/>\nM\u00fcnchen<\/td>\n<td><strong><a href=\"https:\/\/www.klinikum-ingolstadt.de\" target=\"_blank\" rel=\"noopener noreferrer\">Klinikum Ingolstadt<\/a><\/strong><br \/>\nIngolstadt<\/td>\n<td><strong><a href=\"http:\/\/www.mri.tum.de\" target=\"_blank\" rel=\"noopener noreferrer\">Klinikum rechts der Isar der TU M\u00fcnchen<\/a><\/strong><br \/>\nM\u00fcnchen<\/td>\n<\/tr>\n<tr>\n<td><strong><a href=\"http:\/\/www.kreisklinik-ebersberg.de\" target=\"_blank\" rel=\"noopener noreferrer\">Kreisklinik Ebersberg GmbH<\/a><\/strong><br \/>\nEbersberg<\/td>\n<td><strong><a href=\"http:\/\/www.leopoldina-krankenhaus.com\/home\/\" target=\"_blank\" rel=\"noopener noreferrer\">Leopoldina Krankenhaus<\/a><\/strong><br \/>\nSchweinfurt<\/td>\n<td><strong><a href=\"http:\/\/www.lophius.com\/home.html\" target=\"_blank\" rel=\"noopener noreferrer\">Lophius Biosciences GmbH<\/a><\/strong><br \/>\nRegensburg<\/td>\n<\/tr>\n<tr>\n<td><strong><a href=\"http:\/\/www.uni-muenchen.de\/index.html\" target=\"_blank\" rel=\"noopener noreferrer\">Ludwigs-Maximilians-Universit\u00e4t<\/a><\/strong><br \/>\nM\u00fcnchen<\/td>\n<td><strong><a href=\"https:\/\/www.mpi-hd.mpg.de\/mpi\/start\/\" target=\"_blank\" rel=\"noopener noreferrer\">Max-Planck-Institut f\u00fcr Kernphysik<\/a><\/strong><br \/>\nHeidelberg<\/td>\n<td><strong><a href=\"http:\/\/www.mpimf-heidelberg.mpg.de\/de\" target=\"_blank\" rel=\"noopener noreferrer\">Max-Planck-Institut f\u00fcr med. Forschung<\/a><\/strong><br \/>\nHeidelberg<\/td>\n<\/tr>\n<tr>\n<td><strong><a href=\"http:\/\/www.praxis-lauffen.de\" target=\"_blank\" rel=\"noopener noreferrer\">Orthop\u00e4disch Chirurgische Partnerschaft, Dr. Rainer Tischer, Dr. Dietmar Golter<\/a><\/strong><br \/>\nLauffen<\/td>\n<td><strong><a href=\"http:\/\/www.schreiberklinik.de\" target=\"_blank\" rel=\"noopener noreferrer\">Schreiber-Klinik<\/a><\/strong><br \/>\nM\u00fcnchen<\/td>\n<td><strong><a href=\"http:\/\/www.spang-brands.de\/de_index.html\" target=\"_blank\" rel=\"noopener noreferrer\">Spang &amp; Brands GmbH<\/a><\/strong><br \/>\nFriedrichsdorf<\/td>\n<\/tr>\n<tr>\n<td><strong><a href=\"http:\/\/www.tum.de\">Technische Universit\u00e4t M\u00fcnchen\u00a0<\/a><\/strong><br \/>\nM\u00fcnchen<\/td>\n<td><strong><a href=\"http:\/\/www.thoraxklinik-heidelberg.de\" target=\"_blank\" rel=\"noopener noreferrer\">Thoraxklinik Heidelberg GmbH<\/a><\/strong><br \/>\nHeidelberg<\/td>\n<td><strong><a href=\"https:\/\/www.klinikum.uni-heidelberg.de\/Startseite.2.0.html?&amp;no_cache=1\" target=\"_blank\" rel=\"noopener noreferrer\">Universit\u00e4tsklinikum Heidelberg<\/a><\/strong><br \/>\nHeidelberg<\/td>\n<\/tr>\n<tr>\n<td><strong><a href=\"http:\/\/www.uniklinikum-regensburg.de\" target=\"_blank\" rel=\"noopener noreferrer\">Universit\u00e4tsklinikum Regensburg<\/a><\/strong><br \/>\nRegensburg<\/td>\n<td><strong><a href=\"http:\/\/www.vulpiusklinik.de\/startseite\/\" target=\"_blank\" rel=\"noopener noreferrer\">Vulpius Klinik GmbH<\/a><\/strong><br \/>\nBad Rappenau<\/td>\n<td><strong><a href=\"http:\/\/www.woellner.de\/woellner\/de\/Startseite\/\" target=\"_blank\" rel=\"noopener noreferrer\">W\u00f6llner GmbH &amp; Co. KG<\/a><\/strong><br \/>\nLudwigshafen<\/td>\n<\/tr>\n<\/tbody>\n<\/table>\n<p class=\"footer\">\n","protected":false},"excerpt":{"rendered":"<p>A selection of our clients Bionic Medizintechnik GmbH Friedrichsdorf Charles River Laboratories Research, Models and Services Germany GmbH Sulzfeld Chirurgische Privatklinik, Dr. R. Gl\u00f6ckner, Dr. F. M\u00fctsch Heilbronn Deutsches Herzzentrum M\u00fcnchen M\u00fcnchen DKFZ Deutsches Krebsforschungszentrum Heidelberg dm-drogerie-Markt Wagh\u00e4usl Dr. med. Peter Herion Leimen Eckert &amp; Ziegler, EURO-PET K\u00f6ln\/Bonn GmbH Bonn European Molecular Biology Laboratory Heidelberg [&hellip;]<\/p>\n","protected":false},"author":1,"featured_media":0,"parent":0,"menu_order":0,"comment_status":"closed","ping_status":"closed","template":"","meta":{"footnotes":""},"_links":{"self":[{"href":"https:\/\/www.gkh-walldorf.de\/en\/wp-json\/wp\/v2\/pages\/26"}],"collection":[{"href":"https:\/\/www.gkh-walldorf.de\/en\/wp-json\/wp\/v2\/pages"}],"about":[{"href":"https:\/\/www.gkh-walldorf.de\/en\/wp-json\/wp\/v2\/types\/page"}],"author":[{"embeddable":true,"href":"https:\/\/www.gkh-walldorf.de\/en\/wp-json\/wp\/v2\/users\/1"}],"replies":[{"embeddable":true,"href":"https:\/\/www.gkh-walldorf.de\/en\/wp-json\/wp\/v2\/comments?post=26"}],"version-history":[{"count":16,"href":"https:\/\/www.gkh-walldorf.de\/en\/wp-json\/wp\/v2\/pages\/26\/revisions"}],"predecessor-version":[{"id":170,"href":"https:\/\/www.gkh-walldorf.de\/en\/wp-json\/wp\/v2\/pages\/26\/revisions\/170"}],"wp:attachment":[{"href":"https:\/\/www.gkh-walldorf.de\/en\/wp-json\/wp\/v2\/media?parent=26"}],"curies":[{"name":"wp","href":"https:\/\/api.w.org\/{rel}","templated":true}]}}