{"id":12,"date":"2016-01-06T19:46:55","date_gmt":"2016-01-06T18:46:55","guid":{"rendered":"http:\/\/www.gkh-walldorf.de\/en\/?page_id=12"},"modified":"2021-10-06T08:52:50","modified_gmt":"2021-10-06T06:52:50","slug":"imprint","status":"publish","type":"page","link":"https:\/\/www.gkh-walldorf.de\/en\/imprint\/","title":{"rendered":"Impressum"},"content":{"rendered":"<table style=\"width: 100%; text-align: top; border-collapse: separate; border-spacing: 0px 10px;\">\n<tbody>\n<tr>\n<td>\n<h4>Angaben gem\u00e4\u00df \u00a7 5 TMG:<\/h4>\n<p>Gesellschaft f\u00fcr Krankenhaushygiene mbH<br \/>\nRiegelweg. 21<br \/>\n93164\u00a0Laaber &#8211;\u00a0OT Hintertzhof<br \/>\nDeutschland<\/td>\n<td>\n<h4>Kontakt:<\/h4>\n<p>Telefon: +49 (0)9498 &#8211; 906 977 0<br \/>\nFax: +49 (0)9498 &#8211; 906 977 3<br \/>\nkontakt@gkh-walldorf.de<br \/>\n<a href=\"https:\/\/www.gkh-walldorf.de\">www.gkh-walldorf.de<\/a><\/td>\n<\/tr>\n<tr>\n<td>\n<h4>Betriebliche Angaben:<\/h4>\n<p>Sitz: Laaber &#8211; OT Hintertzhof<br \/>\nAmtsgericht Regensburg\u00a0(HRB 12742)<\/td>\n<td>\n<h4>Vertreten durch:<\/h4>\n<p>Gesch\u00e4ftsf\u00fchrer: Kurt R\u00f6der, Regina Winklmeier und Nicolae-Viorel Cocos<br \/>\nUSt-ID-Nr. gem\u00e4\u00df \u00a7 27 a Umsatzsteuergesetz:<br \/>\nDE\u00a0278 677 459<\/td>\n<\/tr>\n<tr>\n<td>\n<h4>Design &amp; Umsetzung:<\/h4>\n<p>ImpressYouMuch \u2013 Kreativagentur Regensburg<br \/>\nInternet:\u00a0<a href=\"http:\/\/www.impressyoumuch.de\" target=\"_blank\" rel=\"noopener noreferrer\">www.ImpressYouMuch.de<\/a><br \/>\nE-Mail: info(at)impressyoumuch.de<\/td>\n<td>\n<h4>Bildnachweis:<\/h4>\n<p>Die auf dieser Website verwendeten Bilder<br \/>\nstammen aus folgenden Quellen:<br \/>\n<a href=\"https:\/\/pixabay.com\/de\/\" target=\"_blank\" rel=\"noopener noreferrer\">www.pixabay.de<\/a>\u00a0und\u00a0<a href=\"https:\/\/de.fotolia.com\" target=\"_blank\" rel=\"noopener noreferrer\">www.fotolia.com<\/a><\/td>\n<\/tr>\n<\/tbody>\n<\/table>\n","protected":false},"excerpt":{"rendered":"<p>Angaben gem\u00e4\u00df \u00a7 5 TMG: Gesellschaft f\u00fcr Krankenhaushygiene mbH Riegelweg. 21 93164\u00a0Laaber &#8211;\u00a0OT Hintertzhof Deutschland Kontakt: Telefon: +49 (0)9498 &#8211; 906 977 0 Fax: +49 (0)9498 &#8211; 906 977 3 kontakt@gkh-walldorf.de www.gkh-walldorf.de Betriebliche Angaben: Sitz: Laaber &#8211; OT Hintertzhof Amtsgericht Regensburg\u00a0(HRB 12742) Vertreten durch: Gesch\u00e4ftsf\u00fchrer: Kurt R\u00f6der, Regina Winklmeier und Nicolae-Viorel Cocos USt-ID-Nr. gem\u00e4\u00df \u00a7 [&hellip;]<\/p>\n","protected":false},"author":1,"featured_media":0,"parent":0,"menu_order":0,"comment_status":"closed","ping_status":"closed","template":"","meta":{"footnotes":""},"_links":{"self":[{"href":"https:\/\/www.gkh-walldorf.de\/en\/wp-json\/wp\/v2\/pages\/12"}],"collection":[{"href":"https:\/\/www.gkh-walldorf.de\/en\/wp-json\/wp\/v2\/pages"}],"about":[{"href":"https:\/\/www.gkh-walldorf.de\/en\/wp-json\/wp\/v2\/types\/page"}],"author":[{"embeddable":true,"href":"https:\/\/www.gkh-walldorf.de\/en\/wp-json\/wp\/v2\/users\/1"}],"replies":[{"embeddable":true,"href":"https:\/\/www.gkh-walldorf.de\/en\/wp-json\/wp\/v2\/comments?post=12"}],"version-history":[{"count":9,"href":"https:\/\/www.gkh-walldorf.de\/en\/wp-json\/wp\/v2\/pages\/12\/revisions"}],"predecessor-version":[{"id":177,"href":"https:\/\/www.gkh-walldorf.de\/en\/wp-json\/wp\/v2\/pages\/12\/revisions\/177"}],"wp:attachment":[{"href":"https:\/\/www.gkh-walldorf.de\/en\/wp-json\/wp\/v2\/media?parent=12"}],"curies":[{"name":"wp","href":"https:\/\/api.w.org\/{rel}","templated":true}]}}