{"id":7,"date":"2016-01-06T18:57:30","date_gmt":"2016-01-06T17:57:30","guid":{"rendered":"http:\/\/www.gkh-walldorf.de\/de\/?page_id=7"},"modified":"2018-02-27T11:44:12","modified_gmt":"2018-02-27T10:44:12","slug":"klinikbereich","status":"publish","type":"page","link":"https:\/\/www.gkh-walldorf.de\/de\/klinikbereich\/","title":{"rendered":"Klinikbereich"},"content":{"rendered":"<h3>Hygienetechnische \u00dcberpr\u00fcfung von Operationsr\u00e4umen<\/h3>\n<hr \/>\n<p>\u21d2<strong>\u00a0inkl. den dazugeh\u00f6rigen reinen Bereichen, Eingriffsr\u00e4umen und Intensivbereichen (Isolierzimmer) ect.<\/strong><br \/>\nDIN 1946 Teil 4 (bei \u00e4lteren Anlagen gem\u00e4\u00df 1999, bei neuen Anlagen gem\u00e4\u00df 2008)<\/p>\n<h4>Lufttechnische Messungen (Technisch-physikalische \u00dcberpr\u00fcfung)<\/h4>\n<ul style=\"list-style-type: circle;\">\n<li>Ermittlung der\u00a0Raumlufttemperatur und Raumluftfeuchte\u00a0der Luftgeschwindigkeit \/ des Volumenstroms zur Berechnung der Luftwechselrate<\/li>\n<li>Differenzdr\u00fccke an den endst\u00e4ndigen Schwebstofffiltern zur Ermittlung des Verschmutzungsgrades f\u00fcr die nachfolgenden Messungen<\/li>\n<li>Druckniveau\u00fcberpr\u00fcfung (Nachweis der Str\u00f6mungsrichtung mittels Rauchprobe)<\/li>\n<li>Schallpegelmessung<\/li>\n<li>Str\u00f6mungsvisualisierung<\/li>\n<\/ul>\n<h4>Partikul\u00e4re und mikrobiologische Pr\u00fcfung<\/h4>\n<ul style=\"list-style-type: circle;\">\n<li>Filterintegrit\u00e4tstest gem\u00e4\u00df DIN EN ISO 14644 Teil 3 oder Filterscanntest gem\u00e4\u00df 1946-4 (bei \u00e4lteren Anlagen, wenn baulich ein Filterintegrit\u00e4tstest nicht m\u00f6glich ist)<\/li>\n<li>Erholzeitmessung\/Recovery Test gem\u00e4\u00df DIN EN ISO 14644-3<\/li>\n<li>bei \u00e4lteren Anlagen (bis 2008) werden die endst\u00e4ndigen Schwebstofffilter einer mikrobiologischen Untersuchung unterzogen in Form einer Luftkeimsammlung<\/li>\n<\/ul>\n<p>Im Pr\u00fcfbericht erhalten Sie eine detaillierte Auflistung aller ermittelten Messwerte und deren Bewertung gem\u00e4\u00df den vorgeschriebenen gesetzlichen Vorschriften, Regelungen.<\/p>\n","protected":false},"excerpt":{"rendered":"<p>Hygienetechnische \u00dcberpr\u00fcfung von Operationsr\u00e4umen \u21d2\u00a0inkl. den dazugeh\u00f6rigen reinen Bereichen, Eingriffsr\u00e4umen und Intensivbereichen (Isolierzimmer) ect. DIN 1946 Teil 4 (bei \u00e4lteren Anlagen gem\u00e4\u00df 1999, bei neuen Anlagen gem\u00e4\u00df 2008) Lufttechnische Messungen (Technisch-physikalische \u00dcberpr\u00fcfung) Ermittlung der\u00a0Raumlufttemperatur und Raumluftfeuchte\u00a0der Luftgeschwindigkeit \/ des Volumenstroms zur Berechnung der Luftwechselrate Differenzdr\u00fccke an den endst\u00e4ndigen Schwebstofffiltern zur Ermittlung des Verschmutzungsgrades f\u00fcr die [&hellip;]<\/p>\n","protected":false},"author":1,"featured_media":0,"parent":0,"menu_order":0,"comment_status":"closed","ping_status":"closed","template":"","meta":{"footnotes":""},"_links":{"self":[{"href":"https:\/\/www.gkh-walldorf.de\/de\/wp-json\/wp\/v2\/pages\/7"}],"collection":[{"href":"https:\/\/www.gkh-walldorf.de\/de\/wp-json\/wp\/v2\/pages"}],"about":[{"href":"https:\/\/www.gkh-walldorf.de\/de\/wp-json\/wp\/v2\/types\/page"}],"author":[{"embeddable":true,"href":"https:\/\/www.gkh-walldorf.de\/de\/wp-json\/wp\/v2\/users\/1"}],"replies":[{"embeddable":true,"href":"https:\/\/www.gkh-walldorf.de\/de\/wp-json\/wp\/v2\/comments?post=7"}],"version-history":[{"count":24,"href":"https:\/\/www.gkh-walldorf.de\/de\/wp-json\/wp\/v2\/pages\/7\/revisions"}],"predecessor-version":[{"id":654,"href":"https:\/\/www.gkh-walldorf.de\/de\/wp-json\/wp\/v2\/pages\/7\/revisions\/654"}],"wp:attachment":[{"href":"https:\/\/www.gkh-walldorf.de\/de\/wp-json\/wp\/v2\/media?parent=7"}],"curies":[{"name":"wp","href":"https:\/\/api.w.org\/{rel}","templated":true}]}}