{"id":5,"date":"2016-01-06T18:57:03","date_gmt":"2016-01-06T17:57:03","guid":{"rendered":"http:\/\/www.gkh-walldorf.de\/de\/?page_id=5"},"modified":"2018-02-27T11:49:20","modified_gmt":"2018-02-27T10:49:20","slug":"reinraum","status":"publish","type":"page","link":"https:\/\/www.gkh-walldorf.de\/de\/reinraum\/","title":{"rendered":"Reinr\u00e4ume"},"content":{"rendered":"<h3>Qualifizierung\/Requalifizierung von Reinr\u00e4umen<\/h3>\n<hr \/>\n<p>Wir bieten die Qualifizierung\/Requalifizierung von Reinr\u00e4umen gem\u00e4\u00df <strong>DIN EN ISO14644 1-4<\/strong> und <strong>GMP-Annex 1.<\/strong><\/p>\n<h4>Aufbau und Dokumentation<\/h4>\n<p>F\u00fcr die Durchf\u00fchrung einer Re- oder Qualifizierung ist von uns folgender Ablauf festgelegt:<\/p>\n<table style=\"width: 100%; border-collapse: separate; border-spacing: 0px 23px;\">\n<tbody>\n<tr>\n<td valign=\"top\" width=\"47%\"><strong>1.) Vorbesprechung:\u00a0<\/strong><br \/>\nAufnahme aller Soll- Parameter aus der Planung (Daraus folgt die Erstellung der Qualifizierungs-, Ablaufs- und Arbeitsanweisungspl\u00e4ne \u2013 SOP)<\/td>\n<td valign=\"top\" width=\"6%\"><\/td>\n<td valign=\"top\" width=\"47%\"><strong>2.) Vorstellung der erstellten Dokumentationen:<\/strong><br \/>\nFreigabe f\u00fcr die Durchf\u00fchrung der Qualifizierung gem\u00e4\u00df der erstellten Dokumentation durch das Qualit\u00e4tsmanagement des Auftraggebers<\/td>\n<\/tr>\n<tr>\n<td valign=\"top\" width=\"47%\"><strong>3.) Re-, Qualifizierung:<\/strong><br \/>\nDurchf\u00fchrung der Qualifizierung\/Requalifizierung gem\u00e4\u00df Ablaufplan und SOP<\/td>\n<td valign=\"top\" width=\"6%\"><\/td>\n<td valign=\"top\" width=\"47%\"><strong>4.) \u00dcbergabe des Entwurfes der Qualifizierungsdokumente<\/strong><br \/>\nFreigabe des Entwurfs der Dokumentation durch das Qualit\u00e4tsmanagement des Auftraggebers<\/td>\n<\/tr>\n<tr>\n<td valign=\"top\" width=\"47%\"><strong>5.) Abschlussgespr\u00e4ch mit \u00dcbergabe der Dokumentation<\/strong><\/td>\n<td valign=\"top\" width=\"6%\"><\/td>\n<td valign=\"top\" width=\"47%\"><\/td>\n<\/tr>\n<\/tbody>\n<\/table>\n<h4>Lufttechnische Messungen (Technisch-physikalische \u00dcberpr\u00fcfung)<\/h4>\n<ul style=\"list-style-type: circle;\">\n<li>Ermittlung der Raumlufttemperatur und Raumluftfeuchte<\/li>\n<li>Ermittlung der der Luftgeschwindigkeit \/ des Volumenstroms zur Berechnung der Luftwechselrate<\/li>\n<li>Differenzdr\u00fccke an den endst\u00e4ndigen Schwebstofffiltern zur Ermittlung des Verschmutzungsgrades f\u00fcr die nachfolgenden Messungen<\/li>\n<li>Druckniveau\u00fcberpr\u00fcfung (Nachweis der Str\u00f6mungsrichtung mittels Rauchprobe)<\/li>\n<li>Druckkaskaden (Nachweis des \u00dcber- oder Unterdrucks zu den jeweilig angrenzenden Reinraumbereichen (Messung mit anschlie\u00dfendem Abgleich des Druckmonitoringsystems.)<\/li>\n<li>Druckschallpegelmessung<\/li>\n<li>Str\u00f6mungsvisualisierung<\/li>\n<\/ul>\n<h4>Partikul\u00e4re und mikrobiologische Pr\u00fcfung<\/h4>\n<ul style=\"list-style-type: circle;\">\n<li>Filterintegrit\u00e4tstest gem\u00e4\u00df DIN EN ISO 14644 Teil 3, oder Filterscanntest gem\u00e4\u00df 1946-4 (bei \u00e4lteren Anlagen, wenn baulich ein Filterintegrit\u00e4tstest nicht m\u00f6glich ist)<\/li>\n<li>mikrobiologische Untersuchung (bei \u00e4lteren Anlagen bis 2008 werden die endst\u00e4ndigen Schwebstofffilter einer Luftkeimzahlmessung unterzogen) Raumklassenbestimmung mittels Partikel- und Luftkeimzahlpr\u00fcfung<\/li>\n<li>Erholzeitmessung\/Recovery Test gem\u00e4\u00df DIN EN ISO 14644-3<\/li>\n<\/ul>\n<p>Im Pr\u00fcfbericht erhalten Sie eine detaillierte Auflistung aller ermittelten Messwerte und deren Bewertung gem\u00e4\u00df den vorgeschriebenen gesetzlichen Vorschriften, Regelungen.<\/p>\n","protected":false},"excerpt":{"rendered":"<p>Qualifizierung\/Requalifizierung von Reinr\u00e4umen Wir bieten die Qualifizierung\/Requalifizierung von Reinr\u00e4umen gem\u00e4\u00df DIN EN ISO14644 1-4 und GMP-Annex 1. Aufbau und Dokumentation F\u00fcr die Durchf\u00fchrung einer Re- oder Qualifizierung ist von uns folgender Ablauf festgelegt: 1.) Vorbesprechung:\u00a0 Aufnahme aller Soll- Parameter aus der Planung (Daraus folgt die Erstellung der Qualifizierungs-, Ablaufs- und Arbeitsanweisungspl\u00e4ne \u2013 SOP) 2.) Vorstellung [&hellip;]<\/p>\n","protected":false},"author":1,"featured_media":0,"parent":0,"menu_order":0,"comment_status":"closed","ping_status":"closed","template":"","meta":{"footnotes":""},"_links":{"self":[{"href":"https:\/\/www.gkh-walldorf.de\/de\/wp-json\/wp\/v2\/pages\/5"}],"collection":[{"href":"https:\/\/www.gkh-walldorf.de\/de\/wp-json\/wp\/v2\/pages"}],"about":[{"href":"https:\/\/www.gkh-walldorf.de\/de\/wp-json\/wp\/v2\/types\/page"}],"author":[{"embeddable":true,"href":"https:\/\/www.gkh-walldorf.de\/de\/wp-json\/wp\/v2\/users\/1"}],"replies":[{"embeddable":true,"href":"https:\/\/www.gkh-walldorf.de\/de\/wp-json\/wp\/v2\/comments?post=5"}],"version-history":[{"count":56,"href":"https:\/\/www.gkh-walldorf.de\/de\/wp-json\/wp\/v2\/pages\/5\/revisions"}],"predecessor-version":[{"id":700,"href":"https:\/\/www.gkh-walldorf.de\/de\/wp-json\/wp\/v2\/pages\/5\/revisions\/700"}],"wp:attachment":[{"href":"https:\/\/www.gkh-walldorf.de\/de\/wp-json\/wp\/v2\/media?parent=5"}],"curies":[{"name":"wp","href":"https:\/\/api.w.org\/{rel}","templated":true}]}}