{"id":2,"date":"2016-01-06T18:51:47","date_gmt":"2016-01-06T17:51:47","guid":{"rendered":"http:\/\/www.gkh-walldorf.de\/de\/?page_id=2"},"modified":"2020-08-28T10:38:05","modified_gmt":"2020-08-28T08:38:05","slug":"startseite","status":"publish","type":"page","link":"https:\/\/www.gkh-walldorf.de\/de\/","title":{"rendered":"Startseite"},"content":{"rendered":"<h2 style=\"text-align: center; font-weight: 400;\">Herzlich Willkommen bei GKH-Walldorf<\/h2>\n<table style=\"width: 100%; border-collapse: separate; border-spacing: 0px 0px;\">\n<tbody>\n<tr>\n<td style=\"text-align: center;\" valign=\"top\" width=\"35%\"><img decoding=\"async\" loading=\"lazy\" class=\"alignnone wp-image-136 size-full\" src=\"https:\/\/www.gkh-walldorf.de\/de\/wp-content\/uploads\/sites\/8\/2018\/02\/firmengebaeude_gkh.jpg\" alt=\"Unternehmenssitz GKH\" width=\"350\" height=\"180\" \/><span style=\"color: #ffffff;\">.<\/span><\/td>\n<td style=\"text-align: center;\" valign=\"top\" width=\"4%\"><\/td>\n<td style=\"text-align: justify;\" valign=\"top\" width=\"61%\">Die Gesellschaft f\u00fcr Krankenhaushygiene ist ein Dienstleistungsunternehmen, welches sich auf hygienetechnische \u00dcberpr\u00fcfungen und Messungen, \u00dcberpr\u00fcfungen von Laborabz\u00fcgen, mikrobiologischen Sicherheitswerkb\u00e4nken und Sicherheitsschr\u00e4nken sowie Desinfektionen im Gesundheitswesen (Krankenh\u00e4user, Laboratorien, staatliche Untersuchungs\u00e4mter), in der pharmazeutischen Industrie und in der elektronischen Industrie spezialisiert hat.<br \/>\n<span style=\"color: #ffffff;\">.<\/span><\/td>\n<\/tr>\n<\/tbody>\n<\/table>\n<p style=\"text-align: center;\">Zu unseren Kunden geh\u00f6ren Krankenh\u00e4user, Universit\u00e4ten, Labore, Gro\u00dfunternehmen sowie \u00f6ffentliche Einrichtungen. Eine ausf\u00fchrliche Auswahl unserer Kunden finden Sie in der Rubrik Referenzen.<\/p>\n<p style=\"text-align: center;\"><span class='maxbutton-1-container mb-container'><a class=\"maxbutton-1 maxbutton maxbutton-referenzen\" href=\"http:\/\/www.gkh-walldorf.de\/de\/referenzen\/\"><span class='mb-text'>Alle Referenzen<\/span><\/a><\/span><\/p>\n<p><br class=\"clear\" \/><img decoding=\"async\" loading=\"lazy\" class=\"alignnone size-medium wp-image-694\" src=\"http:\/\/www.gkh-walldorf.de\/de\/wp-content\/uploads\/sites\/8\/2018\/02\/referenzen_bf3c84bdd4c776d5a7b8179aeac1544b-300x21.png\" alt=\"Referenzen der GKH\" width=\"300\" height=\"21\" srcset=\"https:\/\/www.gkh-walldorf.de\/de\/wp-content\/uploads\/sites\/8\/2018\/02\/referenzen_bf3c84bdd4c776d5a7b8179aeac1544b-300x21.png 300w, https:\/\/www.gkh-walldorf.de\/de\/wp-content\/uploads\/sites\/8\/2018\/02\/referenzen_bf3c84bdd4c776d5a7b8179aeac1544b-768x55.png 768w, https:\/\/www.gkh-walldorf.de\/de\/wp-content\/uploads\/sites\/8\/2018\/02\/referenzen_bf3c84bdd4c776d5a7b8179aeac1544b-1024x73.png 1024w, https:\/\/www.gkh-walldorf.de\/de\/wp-content\/uploads\/sites\/8\/2018\/02\/referenzen_bf3c84bdd4c776d5a7b8179aeac1544b.png 1484w\" sizes=\"(max-width: 300px) 100vw, 300px\" \/><\/p>\n","protected":false},"excerpt":{"rendered":"<p>Herzlich Willkommen bei GKH-Walldorf . Die Gesellschaft f\u00fcr Krankenhaushygiene ist ein Dienstleistungsunternehmen, welches sich auf hygienetechnische \u00dcberpr\u00fcfungen und Messungen, \u00dcberpr\u00fcfungen von Laborabz\u00fcgen, mikrobiologischen Sicherheitswerkb\u00e4nken und Sicherheitsschr\u00e4nken sowie Desinfektionen im Gesundheitswesen (Krankenh\u00e4user, Laboratorien, staatliche Untersuchungs\u00e4mter), in der pharmazeutischen Industrie und in der elektronischen Industrie spezialisiert hat. . Zu unseren Kunden geh\u00f6ren Krankenh\u00e4user, Universit\u00e4ten, Labore, Gro\u00dfunternehmen sowie [&hellip;]<\/p>\n","protected":false},"author":1,"featured_media":0,"parent":0,"menu_order":0,"comment_status":"closed","ping_status":"open","template":"","meta":{"footnotes":""},"_links":{"self":[{"href":"https:\/\/www.gkh-walldorf.de\/de\/wp-json\/wp\/v2\/pages\/2"}],"collection":[{"href":"https:\/\/www.gkh-walldorf.de\/de\/wp-json\/wp\/v2\/pages"}],"about":[{"href":"https:\/\/www.gkh-walldorf.de\/de\/wp-json\/wp\/v2\/types\/page"}],"author":[{"embeddable":true,"href":"https:\/\/www.gkh-walldorf.de\/de\/wp-json\/wp\/v2\/users\/1"}],"replies":[{"embeddable":true,"href":"https:\/\/www.gkh-walldorf.de\/de\/wp-json\/wp\/v2\/comments?post=2"}],"version-history":[{"count":292,"href":"https:\/\/www.gkh-walldorf.de\/de\/wp-json\/wp\/v2\/pages\/2\/revisions"}],"predecessor-version":[{"id":747,"href":"https:\/\/www.gkh-walldorf.de\/de\/wp-json\/wp\/v2\/pages\/2\/revisions\/747"}],"wp:attachment":[{"href":"https:\/\/www.gkh-walldorf.de\/de\/wp-json\/wp\/v2\/media?parent=2"}],"curies":[{"name":"wp","href":"https:\/\/api.w.org\/{rel}","templated":true}]}}