{"id":122,"date":"2016-02-16T14:23:01","date_gmt":"2016-02-16T13:23:01","guid":{"rendered":"http:\/\/www.gkh-walldorf.de\/de\/?page_id=122"},"modified":"2018-02-27T11:55:43","modified_gmt":"2018-02-27T10:55:43","slug":"betriebsmittel","status":"publish","type":"page","link":"https:\/\/www.gkh-walldorf.de\/de\/betriebsmittel\/","title":{"rendered":"Betriebsmittel"},"content":{"rendered":"<h3>Wartung\/Instandhaltung von Betriebsmitteln<\/h3>\n<hr \/>\n<h4>\u00dcberpr\u00fcfung von Mikrobiologischen Sicherheitswerkb\u00e4nken gem\u00e4\u00df<\/h4>\n<ul style=\"list-style-type: circle;\">\n<li>DIN 12469 bzw. DIN 12950 Teil 10<\/li>\n<li>Ki-Diskus Test gem\u00e4\u00df DIN EN 12469 Teil C<\/li>\n<\/ul>\n<h4>\u00dcberpr\u00fcfung von Zytostatikawerkb\u00e4nken gem\u00e4\u00df<\/h4>\n<ul style=\"list-style-type: circle;\">\n<li>DIN 12469<\/li>\n<li>Ki-Diskus Test gem\u00e4\u00df DIN 12980<\/li>\n<\/ul>\n<h4>\u00dcberpr\u00fcfung von Isolatoren gem\u00e4\u00df<\/h4>\n<ul style=\"list-style-type: circle;\">\n<li>gem\u00e4\u00df DIN 12980<\/li>\n<li>DIN EN ISO 14644-3<\/li>\n<\/ul>\n<h4>\u00dcberpr\u00fcfung und Wartung von Laborabz\u00fcgen\/Digestorien gem\u00e4\u00df<\/h4>\n<ul style=\"list-style-type: circle;\">\n<li>DIN 12924 Teil 1 Laboreinrichtungen; Abz\u00fcge<\/li>\n<li>Betriebssicherheitsverordnung &#8211; BetrSichV<\/li>\n<li>TRGS 526 Laboratorien, Abschnitt 7.3<\/li>\n<li>BGR 120: Laboratorien, Abschnitt 7.3<\/li>\n<li>BGI\/GUV I 850-0 Sicheres Arbeiten in Laboratorien \u2013 Grundlagen und Handlungshilfen, Abschnitt 6.3 und 7.3<\/li>\n<li>BGI 850-2, T032 Laborabz\u00fcge: Bauarten und sicherer Betrieb<\/li>\n<li>DIN EN 14175 1-6 Abz\u00fcge<\/li>\n<\/ul>\n<h4>\u00dcberpr\u00fcfung und Wartung von Sicherheitsschr\u00e4nken gem\u00e4\u00df<\/h4>\n<ul style=\"list-style-type: circle;\">\n<li>DIN EN 14470 Teil 1 und 2<\/li>\n<li>Arbeitsst\u00e4ttenverordnung ArbSt\u00e4ttV \u00a74 Abs. 3<\/li>\n<li>Technische Regeln TRbF 20 \u2013 L\u00e4ger<\/li>\n<li>TRGS 510, 526 (4.9), 800 (3.3)<\/li>\n<li>Gefahrstoffverordnung (GefStoffV)<\/li>\n<li>Betriebssicherheitsverordnung (BetrSichV) \u00a73, \u00a710, \u00a711 der BetrSichV<\/li>\n<\/ul>\n<p>&nbsp;<\/p>\n<h3>\u00dcberpr\u00fcfung\/Wartung\/Instandhaltung von RLT-Anlagen<\/h3>\n<hr \/>\n<h4>Besichtigung\/Planung\/Durchf\u00fchrung\/Bewertung<\/h4>\n<ul style=\"list-style-type: circle;\">\n<li>Hygieneinspektion gem\u00e4\u00df VDI 6022<\/li>\n<li>Reinigung und Desinfektion der Anlagenteile<\/li>\n<li>Wechsel der Anlagenfilter<\/li>\n<li>Pr\u00fcfung und Wartung der Brandschutzklappen<\/li>\n<\/ul>\n<p>Die Abnahmepr\u00fcfung (IBN) sowie die laufende Instandhaltung von RLT-Anlagen wird in Zusammenarbeit mit angerkannten Sachverst\u00e4ndigen durchgef\u00fchrt.<\/p>\n","protected":false},"excerpt":{"rendered":"<p>Wartung\/Instandhaltung von Betriebsmitteln \u00dcberpr\u00fcfung von Mikrobiologischen Sicherheitswerkb\u00e4nken gem\u00e4\u00df DIN 12469 bzw. DIN 12950 Teil 10 Ki-Diskus Test gem\u00e4\u00df DIN EN 12469 Teil C \u00dcberpr\u00fcfung von Zytostatikawerkb\u00e4nken gem\u00e4\u00df DIN 12469 Ki-Diskus Test gem\u00e4\u00df DIN 12980 \u00dcberpr\u00fcfung von Isolatoren gem\u00e4\u00df gem\u00e4\u00df DIN 12980 DIN EN ISO 14644-3 \u00dcberpr\u00fcfung und Wartung von Laborabz\u00fcgen\/Digestorien gem\u00e4\u00df DIN 12924 Teil 1 [&hellip;]<\/p>\n","protected":false},"author":1,"featured_media":0,"parent":0,"menu_order":0,"comment_status":"closed","ping_status":"closed","template":"","meta":{"footnotes":""},"_links":{"self":[{"href":"https:\/\/www.gkh-walldorf.de\/de\/wp-json\/wp\/v2\/pages\/122"}],"collection":[{"href":"https:\/\/www.gkh-walldorf.de\/de\/wp-json\/wp\/v2\/pages"}],"about":[{"href":"https:\/\/www.gkh-walldorf.de\/de\/wp-json\/wp\/v2\/types\/page"}],"author":[{"embeddable":true,"href":"https:\/\/www.gkh-walldorf.de\/de\/wp-json\/wp\/v2\/users\/1"}],"replies":[{"embeddable":true,"href":"https:\/\/www.gkh-walldorf.de\/de\/wp-json\/wp\/v2\/comments?post=122"}],"version-history":[{"count":24,"href":"https:\/\/www.gkh-walldorf.de\/de\/wp-json\/wp\/v2\/pages\/122\/revisions"}],"predecessor-version":[{"id":402,"href":"https:\/\/www.gkh-walldorf.de\/de\/wp-json\/wp\/v2\/pages\/122\/revisions\/402"}],"wp:attachment":[{"href":"https:\/\/www.gkh-walldorf.de\/de\/wp-json\/wp\/v2\/media?parent=122"}],"curies":[{"name":"wp","href":"https:\/\/api.w.org\/{rel}","templated":true}]}}