{"id":118,"date":"2016-02-16T14:22:22","date_gmt":"2016-02-16T13:22:22","guid":{"rendered":"http:\/\/www.gkh-walldorf.de\/de\/?page_id=118"},"modified":"2018-02-28T12:09:43","modified_gmt":"2018-02-28T11:09:43","slug":"mitarbeiter","status":"publish","type":"page","link":"https:\/\/www.gkh-walldorf.de\/de\/mitarbeiter\/","title":{"rendered":"Mitarbeiter"},"content":{"rendered":"<h3>Qualifikation unserer Servicetechniker<\/h3>\n<hr \/>\n<p>Unsere Mitarbeiter sind in den technischen Regeln der TRGS, TRBA sowie der Bio-, Gefahrenstoffverordnung und dem Gentechnikgesetz nachweislich unterwiesen.<\/p>\n<p>Alle Wartungs-, \u00dcberpr\u00fcfungs- und Instandhaltungsarbeiten in Bezug auf die Betriebsmittelpr\u00fcffung werden von geschulten, fachkundigen Servicepersonal im Sinne der TRBS 1203, VDI 4068, DIN 31051 durchgef\u00fchrt (Zertifikate unserer Mitarbeiter werden wir Ihnen bei Bedarf gerne zusenden).<\/p>\n<p>Wir achten bei unseren Personal stets auf die notwendigen Qualifikationen:<\/p>\n<ul style=\"list-style-type: circle;\">\n<li>TRBS 1203<\/li>\n<li>VDI 4068<\/li>\n<li>DIN 31051<\/li>\n<\/ul>\n","protected":false},"excerpt":{"rendered":"<p>Qualifikation unserer Servicetechniker Unsere Mitarbeiter sind in den technischen Regeln der TRGS, TRBA sowie der Bio-, Gefahrenstoffverordnung und dem Gentechnikgesetz nachweislich unterwiesen. Alle Wartungs-, \u00dcberpr\u00fcfungs- und Instandhaltungsarbeiten in Bezug auf die Betriebsmittelpr\u00fcffung werden von geschulten, fachkundigen Servicepersonal im Sinne der TRBS 1203, VDI 4068, DIN 31051 durchgef\u00fchrt (Zertifikate unserer Mitarbeiter werden wir Ihnen bei Bedarf [&hellip;]<\/p>\n","protected":false},"author":1,"featured_media":0,"parent":0,"menu_order":0,"comment_status":"closed","ping_status":"closed","template":"","meta":{"footnotes":""},"_links":{"self":[{"href":"https:\/\/www.gkh-walldorf.de\/de\/wp-json\/wp\/v2\/pages\/118"}],"collection":[{"href":"https:\/\/www.gkh-walldorf.de\/de\/wp-json\/wp\/v2\/pages"}],"about":[{"href":"https:\/\/www.gkh-walldorf.de\/de\/wp-json\/wp\/v2\/types\/page"}],"author":[{"embeddable":true,"href":"https:\/\/www.gkh-walldorf.de\/de\/wp-json\/wp\/v2\/users\/1"}],"replies":[{"embeddable":true,"href":"https:\/\/www.gkh-walldorf.de\/de\/wp-json\/wp\/v2\/comments?post=118"}],"version-history":[{"count":5,"href":"https:\/\/www.gkh-walldorf.de\/de\/wp-json\/wp\/v2\/pages\/118\/revisions"}],"predecessor-version":[{"id":630,"href":"https:\/\/www.gkh-walldorf.de\/de\/wp-json\/wp\/v2\/pages\/118\/revisions\/630"}],"wp:attachment":[{"href":"https:\/\/www.gkh-walldorf.de\/de\/wp-json\/wp\/v2\/media?parent=118"}],"curies":[{"name":"wp","href":"https:\/\/api.w.org\/{rel}","templated":true}]}}