{"id":111,"date":"2016-01-13T17:56:53","date_gmt":"2016-01-13T16:56:53","guid":{"rendered":"http:\/\/www.gkh-walldorf.de\/de\/?page_id=111"},"modified":"2021-10-06T08:53:47","modified_gmt":"2021-10-06T06:53:47","slug":"desinfektion","status":"publish","type":"page","link":"https:\/\/www.gkh-walldorf.de\/de\/desinfektion\/","title":{"rendered":"Desinfektion"},"content":{"rendered":"<h3>Aerosol-Desinfektion mit Wasserstoff Peroxid<\/h3>\n<hr \/>\n<ul style=\"list-style-type: circle;\">\n<li>Mikrobiologische Sicherheitswerkb\u00e4nke<\/li>\n<li>Laborabz\u00fcge<\/li>\n<li>Inkubatoren<\/li>\n<li>RLT-Anlagen und Kan\u00e4le<\/li>\n<li>R\u00e4ume und Reinr\u00e4ume<\/li>\n<li>Diverse Gegenst\u00e4nde im eingehausten gasdichtem Zustand<\/li>\n<\/ul>\n<h4>Reinigungsvalidierung<\/h4>\n<p>Erarbeiten geeigneter Reinigungsverfahren und Reinigungsmittel sowie deren Pr\u00fcfmethoden, Grenzwerte und Protokolle f\u00fcr den zu desinfizierenden Bereich und den darin vorhandenem Equipment.<\/p>\n","protected":false},"excerpt":{"rendered":"<p>Aerosol-Desinfektion mit Wasserstoff Peroxid Mikrobiologische Sicherheitswerkb\u00e4nke Laborabz\u00fcge Inkubatoren RLT-Anlagen und Kan\u00e4le R\u00e4ume und Reinr\u00e4ume Diverse Gegenst\u00e4nde im eingehausten gasdichtem Zustand Reinigungsvalidierung Erarbeiten geeigneter Reinigungsverfahren und Reinigungsmittel sowie deren Pr\u00fcfmethoden, Grenzwerte und Protokolle f\u00fcr den zu desinfizierenden Bereich und den darin vorhandenem Equipment.<\/p>\n","protected":false},"author":1,"featured_media":0,"parent":0,"menu_order":0,"comment_status":"closed","ping_status":"closed","template":"","meta":{"footnotes":""},"_links":{"self":[{"href":"https:\/\/www.gkh-walldorf.de\/de\/wp-json\/wp\/v2\/pages\/111"}],"collection":[{"href":"https:\/\/www.gkh-walldorf.de\/de\/wp-json\/wp\/v2\/pages"}],"about":[{"href":"https:\/\/www.gkh-walldorf.de\/de\/wp-json\/wp\/v2\/types\/page"}],"author":[{"embeddable":true,"href":"https:\/\/www.gkh-walldorf.de\/de\/wp-json\/wp\/v2\/users\/1"}],"replies":[{"embeddable":true,"href":"https:\/\/www.gkh-walldorf.de\/de\/wp-json\/wp\/v2\/comments?post=111"}],"version-history":[{"count":14,"href":"https:\/\/www.gkh-walldorf.de\/de\/wp-json\/wp\/v2\/pages\/111\/revisions"}],"predecessor-version":[{"id":753,"href":"https:\/\/www.gkh-walldorf.de\/de\/wp-json\/wp\/v2\/pages\/111\/revisions\/753"}],"wp:attachment":[{"href":"https:\/\/www.gkh-walldorf.de\/de\/wp-json\/wp\/v2\/media?parent=111"}],"curies":[{"name":"wp","href":"https:\/\/api.w.org\/{rel}","templated":true}]}}